{"id":6586,"date":"2022-11-29T07:09:08","date_gmt":"2022-11-29T07:09:08","guid":{"rendered":"https:\/\/archiwumwolnosci.pl\/?page_id=6586"},"modified":"2022-11-29T07:09:09","modified_gmt":"2022-11-29T07:09:09","slug":"polityka-prywatnosci","status":"publish","type":"page","link":"https:\/\/archiwumwolnosci.pl\/uk\/polityka-prywatnosci\/","title":{"rendered":"\u041f\u043e\u043b\u0456\u0442\u0438\u043a\u0430 \u043a\u043e\u043d\u0444\u0456\u0434\u0435\u043d\u0446\u0456\u0439\u043d\u043e\u0441\u0442\u0456"},"content":{"rendered":"<h2 class=\"wp-block-heading\">\u0425\u0442\u043e \u043c\u0438 \u0454<\/h2>\n\n\n\n<p>\u0410\u0434\u0440\u0435\u0441\u0430 \u043d\u0430\u0448\u043e\u0433\u043e \u0432\u0435\u0431-\u0441\u0430\u0439\u0442\u0443: https:\/\/archiwumwolnosci.pl.<\/p>\n\n\n\n<p>\u0410\u0440\u0445\u0456\u0432 \u0421\u0432\u043e\u0431\u043e\u0434\u0438\u00a0<strong>\u041f\u0435\u0440\u0435\u043c\u0438\u0448\u043b\u044c\u0441\u044c\u043a\u0430 \u0437\u0435\u043c\u043b\u044f \u0456 \u0440\u0435\u0433\u0456\u043e\u043d 1967-1997 - \u041e\u043f\u043e\u0437\u0438\u0446\u0456\u0439\u043d\u0430 \u0434\u0456\u044f\u043b\u044c\u043d\u0456\u0441\u0442\u044c \u0442\u0430 \u0433\u0440\u043e\u043c\u0430\u0434\u0441\u044c\u043a\u0456 \u0456\u043d\u0456\u0446\u0456\u0430\u0442\u0438\u0432\u0438<\/strong> \u0446\u0435 \u043f\u043e\u0440\u0442\u0430\u043b, \u044f\u043a\u0438\u0439 \u0431\u0443\u0432 \u0441\u0442\u0432\u043e\u0440\u0435\u043d\u0438\u0439 \u0437\u0430\u0432\u0434\u044f\u043a\u0438 \u0444\u0456\u043d\u0430\u043d\u0441\u0443\u0432\u0430\u043d\u043d\u044e\u00a0<strong>\u041c\u0443\u0437\u0435\u0439 \u0456\u0441\u0442\u043e\u0440\u0456\u0457 \u041f\u043e\u043b\u044c\u0449\u0456 \u0443 \u0412\u0430\u0440\u0448\u0430\u0432\u0456\u00a0<\/strong>\u0437\u0430 \u043a\u043e\u043d\u043a\u0443\u0440\u0441\u043e\u043c<strong>\u00a0\"\u041f\u0430\u0442\u0440\u0456\u043e\u0442\u0438\u0437\u043c \u0437\u0430\u0432\u0442\u0440\u0430\u0448\u043d\u044c\u043e\u0433\u043e \u0434\u043d\u044f\".<\/strong>. \u041f\u043e\u0440\u0442\u0430\u043b \u043e\u0445\u043e\u043f\u043b\u044e\u0454 \u043c\u0430\u043b\u043e\u0432\u0456\u0434\u043e\u043c\u0438\u0439 \u0447\u0435\u0440\u0435\u0437 \u043d\u0435\u0434\u043e\u0441\u0442\u0430\u0442\u043d\u0454 \u0432\u0438\u0441\u0432\u0456\u0442\u043b\u0435\u043d\u043d\u044f \u0456 \u0442\u043e\u043c\u0443 \u043c\u0430\u0439\u0436\u0435 \u0437\u0430\u0431\u0443\u0442\u0438\u0439 \u043f\u0435\u0440\u0456\u043e\u0434 \u043c\u0456\u0441\u0446\u0435\u0432\u043e\u0457 \u0456\u0441\u0442\u043e\u0440\u0456\u0457.<\/p>\n\n\n\n<h2 class=\"wp-block-heading\">\u041a\u043e\u043c\u0435\u043d\u0442\u0430\u0440\u0456<\/h2>\n\n\n\n<p>\u041a\u043e\u043b\u0438 \u0432\u0456\u0434\u0432\u0456\u0434\u0443\u0432\u0430\u0447 \u0441\u0430\u0439\u0442\u0443 \u0437\u0430\u043b\u0438\u0448\u0430\u0454 \u043a\u043e\u043c\u0435\u043d\u0442\u0430\u0440, \u043c\u0438 \u0437\u0431\u0438\u0440\u0430\u0454\u043c\u043e \u0434\u0430\u043d\u0456, \u0432\u0438\u0434\u0438\u043c\u0456 \u0443 \u0444\u043e\u0440\u043c\u0456 \u043a\u043e\u043c\u0435\u043d\u0442\u0430\u0440\u044f, \u0430 \u0442\u0430\u043a\u043e\u0436 IP-\u0430\u0434\u0440\u0435\u0441\u0443 \u0432\u0456\u0434\u0432\u0456\u0434\u0443\u0432\u0430\u0447\u0430 \u0456 \u043f\u0456\u0434\u043f\u0438\u0441 \u0431\u0440\u0430\u0443\u0437\u0435\u0440\u0430, \u0449\u043e\u0431 \u0434\u043e\u043f\u043e\u043c\u043e\u0433\u0442\u0438 \u0432\u0438\u044f\u0432\u0438\u0442\u0438 \u0441\u043f\u0430\u043c.<\/p>\n\n\n\n<p>\u0410\u043d\u043e\u043d\u0456\u043c\u0456\u0437\u043e\u0432\u0430\u043d\u0438\u0439 \u0440\u044f\u0434\u043e\u043a, \u0441\u0442\u0432\u043e\u0440\u0435\u043d\u0438\u0439 \u0437 \u0432\u0430\u0448\u043e\u0457 \u0435\u043b\u0435\u043a\u0442\u0440\u043e\u043d\u043d\u043e\u0457 \u0430\u0434\u0440\u0435\u0441\u0438 (\u0442\u0430\u043a\u043e\u0436 \u0432\u0456\u0434\u043e\u043c\u0438\u0439 \u044f\u043a \u0445\u0435\u0448), \u043c\u043e\u0436\u0435 \u0431\u0443\u0442\u0438 \u0432\u0456\u0434\u043f\u0440\u0430\u0432\u043b\u0435\u043d\u0438\u0439 \u0441\u0435\u0440\u0432\u0456\u0441\u0443 Gravatar \u0434\u043b\u044f \u043f\u0435\u0440\u0435\u0432\u0456\u0440\u043a\u0438 \u0439\u043e\u0433\u043e \u0432\u0438\u043a\u043e\u0440\u0438\u0441\u0442\u0430\u043d\u043d\u044f. \u041f\u043e\u043b\u0456\u0442\u0438\u043a\u0430 \u043a\u043e\u043d\u0444\u0456\u0434\u0435\u043d\u0446\u0456\u0439\u043d\u043e\u0441\u0442\u0456 \u0441\u0435\u0440\u0432\u0456\u0441\u0443 Gravatar \u0434\u043e\u0441\u0442\u0443\u043f\u043d\u0430 \u0437\u0430 \u043f\u043e\u0441\u0438\u043b\u0430\u043d\u043d\u044f\u043c: https:\/\/automattic.com\/privacy\/. \u041f\u0456\u0441\u043b\u044f \u0442\u043e\u0433\u043e, \u044f\u043a \u0412\u0430\u0448 \u043a\u043e\u043c\u0435\u043d\u0442\u0430\u0440 \u0431\u0443\u0434\u0435 \u0441\u0445\u0432\u0430\u043b\u0435\u043d\u043e, \u0412\u0430\u0448\u0435 \u0437\u043e\u0431\u0440\u0430\u0436\u0435\u043d\u043d\u044f \u043f\u0440\u043e\u0444\u0456\u043b\u044e \u0441\u0442\u0430\u043d\u0435 \u0437\u0430\u0433\u0430\u043b\u044c\u043d\u043e\u0434\u043e\u0441\u0442\u0443\u043f\u043d\u0438\u043c \u0432 \u043a\u043e\u043d\u0442\u0435\u043a\u0441\u0442\u0456 \u0412\u0430\u0448\u043e\u0433\u043e \u043a\u043e\u043c\u0435\u043d\u0442\u0430\u0440\u044f.<\/p>\n\n\n\n<h2 class=\"wp-block-heading\">\u0417\u0430\u0441\u043e\u0431\u0438 \u043c\u0430\u0441\u043e\u0432\u043e\u0457 \u0456\u043d\u0444\u043e\u0440\u043c\u0430\u0446\u0456\u0457<\/h2>\n\n\n\n<p>\u042f\u043a\u0449\u043e \u0432\u0438 \u0454 \u0437\u0430\u0440\u0435\u0454\u0441\u0442\u0440\u043e\u0432\u0430\u043d\u0438\u043c \u043a\u043e\u0440\u0438\u0441\u0442\u0443\u0432\u0430\u0447\u0435\u043c \u0456 \u0437\u0430\u0432\u0430\u043d\u0442\u0430\u0436\u0443\u0454\u0442\u0435 \u0437\u043e\u0431\u0440\u0430\u0436\u0435\u043d\u043d\u044f \u043d\u0430 \u0441\u0430\u0439\u0442, \u0432\u0430\u043c \u0441\u043b\u0456\u0434 \u0443\u043d\u0438\u043a\u0430\u0442\u0438 \u0437\u0430\u0432\u0430\u043d\u0442\u0430\u0436\u0435\u043d\u043d\u044f \u0437\u043e\u0431\u0440\u0430\u0436\u0435\u043d\u044c \u0437 \u0442\u0435\u0433\u0430\u043c\u0438 \u043c\u0456\u0441\u0446\u0435\u0437\u043d\u0430\u0445\u043e\u0434\u0436\u0435\u043d\u043d\u044f EXIF. \u0412\u0456\u0434\u0432\u0456\u0434\u0443\u0432\u0430\u0447\u0456 \u0441\u0430\u0439\u0442\u0443 \u043c\u043e\u0436\u0443\u0442\u044c \u0437\u0430\u0432\u0430\u043d\u0442\u0430\u0436\u0438\u0442\u0438 \u0442\u0430 \u043f\u0440\u043e\u0447\u0438\u0442\u0430\u0442\u0438 \u043f\u043e\u0432\u043d\u0443 \u0456\u043d\u0444\u043e\u0440\u043c\u0430\u0446\u0456\u044e \u043f\u0440\u043e \u043c\u0456\u0441\u0446\u0435\u0437\u043d\u0430\u0445\u043e\u0434\u0436\u0435\u043d\u043d\u044f \u0456\u0437 \u0437\u043e\u0431\u0440\u0430\u0436\u0435\u043d\u044c \u043d\u0430 \u0441\u0430\u0439\u0442\u0456.<\/p>\n\n\n\n<h2 class=\"wp-block-heading\">\u041f\u0435\u0447\u0438\u0432\u043e<\/h2>\n\n\n\n<p>\u042f\u043a\u0449\u043e \u0432\u0438 \u0437\u0430\u043b\u0438\u0448\u0430\u0454\u0442\u0435 \u043a\u043e\u043c\u0435\u043d\u0442\u0430\u0440\u0456 \u043d\u0430 \u0441\u0430\u0439\u0442\u0456, \u0432\u0438 \u0437\u043c\u043e\u0436\u0435\u0442\u0435 \u0432\u0438\u0431\u0440\u0430\u0442\u0438 \u0437\u0431\u0435\u0440\u0435\u0436\u0435\u043d\u043d\u044f \u0432\u0430\u0448\u043e\u0433\u043e \u0456\u043c\u0435\u043d\u0456, \u0430\u0434\u0440\u0435\u0441\u0438 \u0435\u043b\u0435\u043a\u0442\u0440\u043e\u043d\u043d\u043e\u0457 \u043f\u043e\u0448\u0442\u0438 \u0442\u0430 \u0441\u0430\u0439\u0442\u0443 \u0432 cookies, \u0449\u043e\u0431 \u043f\u0440\u0438 \u043d\u0430\u043f\u0438\u0441\u0430\u043d\u043d\u0456 \u043f\u043e\u0434\u0430\u043b\u044c\u0448\u0438\u0445 \u043a\u043e\u043c\u0435\u043d\u0442\u0430\u0440\u0456\u0432 \u0432\u0438\u0449\u0435\u0432\u043a\u0430\u0437\u0430\u043d\u0430 \u0456\u043d\u0444\u043e\u0440\u043c\u0430\u0446\u0456\u044f \u0432\u0436\u0435 \u0431\u0443\u043b\u0430 \u0437\u0440\u0443\u0447\u043d\u043e \u0437\u0430\u043f\u043e\u0432\u043d\u0435\u043d\u0430. \u0422\u0435\u0440\u043c\u0456\u043d \u0434\u0456\u0457 \u0444\u0430\u0439\u043b\u0456\u0432 cookie \u0437\u0430\u043a\u0456\u043d\u0447\u0443\u0454\u0442\u044c\u0441\u044f \u0447\u0435\u0440\u0435\u0437 \u043e\u0434\u0438\u043d \u0440\u0456\u043a.<\/p>\n\n\n\n<p>\u042f\u043a\u0449\u043e \u0432\u0438 \u0432\u0456\u0434\u0432\u0456\u0434\u0430\u0454\u0442\u0435 \u0441\u0442\u043e\u0440\u0456\u043d\u043a\u0443 \u0432\u0445\u043e\u0434\u0443, \u043c\u0438 \u0441\u0442\u0432\u043e\u0440\u0438\u043c\u043e \u0442\u0438\u043c\u0447\u0430\u0441\u043e\u0432\u0438\u0439 \u0444\u0430\u0439\u043b cookie, \u0449\u043e\u0431 \u043f\u0435\u0440\u0435\u0432\u0456\u0440\u0438\u0442\u0438, \u0447\u0438 \u043f\u0440\u0438\u0439\u043c\u0430\u0454 \u0432\u0430\u0448 \u0431\u0440\u0430\u0443\u0437\u0435\u0440 \u0444\u0430\u0439\u043b\u0438 cookie. \u0412\u043e\u043d\u0430 \u043d\u0435 \u043c\u0456\u0441\u0442\u0438\u0442\u044c \u0436\u043e\u0434\u043d\u0438\u0445 \u043f\u0435\u0440\u0441\u043e\u043d\u0430\u043b\u044c\u043d\u0438\u0445 \u0434\u0430\u043d\u0438\u0445 \u0456 \u0431\u0443\u0434\u0435 \u0432\u0438\u0434\u0430\u043b\u0435\u043d\u0430 \u043f\u0456\u0441\u043b\u044f \u0437\u0430\u043a\u0440\u0438\u0442\u0442\u044f \u0431\u0440\u0430\u0443\u0437\u0435\u0440\u0430.<\/p>\n\n\n\n<p>\u041a\u043e\u043b\u0438 \u0432\u0438 \u0432\u0445\u043e\u0434\u0438\u0442\u0435 \u0432 \u0441\u0438\u0441\u0442\u0435\u043c\u0443, \u043c\u0438 \u0434\u043e\u0434\u0430\u0442\u043a\u043e\u0432\u043e \u0441\u0442\u0432\u043e\u0440\u044e\u0454\u043c\u043e \u043a\u0456\u043b\u044c\u043a\u0430 \u0444\u0430\u0439\u043b\u0456\u0432 cookie, \u043d\u0435\u043e\u0431\u0445\u0456\u0434\u043d\u0438\u0445 \u0434\u043b\u044f \u0437\u0431\u0435\u0440\u0435\u0436\u0435\u043d\u043d\u044f \u0432\u0430\u0448\u043e\u0457 \u0440\u0435\u0454\u0441\u0442\u0440\u0430\u0446\u0456\u0439\u043d\u043e\u0457 \u0456\u043d\u0444\u043e\u0440\u043c\u0430\u0446\u0456\u0457 \u0442\u0430 \u043e\u0431\u0440\u0430\u043d\u0438\u0445 \u043f\u0430\u0440\u0430\u043c\u0435\u0442\u0440\u0456\u0432 \u0435\u043a\u0440\u0430\u043d\u0443. \u0422\u0435\u0440\u043c\u0456\u043d \u0434\u0456\u0457 \u0444\u0430\u0439\u043b\u0456\u0432 cookie \u0434\u043b\u044f \u0432\u0445\u043e\u0434\u0443 \u0432 \u0441\u0438\u0441\u0442\u0435\u043c\u0443 \u0437\u0430\u043a\u0456\u043d\u0447\u0443\u0454\u0442\u044c\u0441\u044f \u0447\u0435\u0440\u0435\u0437 \u0434\u0432\u0430 \u0434\u043d\u0456, \u0430 \u043f\u0430\u0440\u0430\u043c\u0435\u0442\u0440\u0456\u0432 \u0435\u043a\u0440\u0430\u043d\u0443 - \u0447\u0435\u0440\u0435\u0437 \u043e\u0434\u0438\u043d \u0440\u0456\u043a. \u042f\u043a\u0449\u043e \u0432\u0438 \u0432\u0438\u0431\u0435\u0440\u0435\u0442\u0435 \u043e\u043f\u0446\u0456\u044e \"\u0417\u0430\u043f\u0430\u043c'\u044f\u0442\u0430\u0442\u0438 \u043c\u0435\u043d\u0435\", \u0432\u0430\u0448 \u043b\u043e\u0433\u0456\u043d \u0431\u0443\u0434\u0435 \u0432\u0438\u0434\u0430\u043b\u0435\u043d\u043e \u0447\u0435\u0440\u0435\u0437 \u0434\u0432\u0430 \u0442\u0438\u0436\u043d\u0456. \u042f\u043a\u0449\u043e \u0432\u0438 \u0432\u0438\u0439\u0434\u0435\u0442\u0435 \u0437 \u043e\u0431\u043b\u0456\u043a\u043e\u0432\u043e\u0433\u043e \u0437\u0430\u043f\u0438\u0441\u0443, \u0432\u0430\u0448\u0456 \u0444\u0430\u0439\u043b\u0438 cookie \u0434\u043b\u044f \u0432\u0445\u043e\u0434\u0443 \u0431\u0443\u0434\u0443\u0442\u044c \u0432\u0438\u0434\u0430\u043b\u0435\u043d\u0456.<\/p>\n\n\n\n<p>\u042f\u043a\u0449\u043e \u0432\u0438 \u0437\u043c\u0456\u043d\u044e\u0454\u0442\u0435 \u0430\u0431\u043e \u043f\u0443\u0431\u043b\u0456\u043a\u0443\u0454\u0442\u0435 \u0441\u0442\u0430\u0442\u0442\u044e, \u0443 \u0432\u0430\u0448\u043e\u043c\u0443 \u0431\u0440\u0430\u0443\u0437\u0435\u0440\u0456 \u0437\u0431\u0435\u0440\u0456\u0433\u0430\u0454\u0442\u044c\u0441\u044f \u0434\u043e\u0434\u0430\u0442\u043a\u043e\u0432\u0438\u0439 \u0444\u0430\u0439\u043b cookie. \u0426\u0435\u0439 \u0444\u0430\u0439\u043b cookie \u043d\u0435 \u043c\u0456\u0441\u0442\u0438\u0442\u044c \u0436\u043e\u0434\u043d\u0438\u0445 \u043f\u0435\u0440\u0441\u043e\u043d\u0430\u043b\u044c\u043d\u0438\u0445 \u0434\u0430\u043d\u0438\u0445, \u0432\u0456\u043d \u043f\u0440\u043e\u0441\u0442\u043e \u0432\u043a\u0430\u0437\u0443\u0454 \u043d\u0430 \u0456\u0434\u0435\u043d\u0442\u0438\u0444\u0456\u043a\u0430\u0442\u043e\u0440 \u0441\u0442\u0430\u0442\u0442\u0456, \u044f\u043a\u0443 \u0432\u0438 \u0449\u043e\u0439\u043d\u043e \u0432\u0456\u0434\u0440\u0435\u0434\u0430\u0433\u0443\u0432\u0430\u043b\u0438. \u0422\u0435\u0440\u043c\u0456\u043d \u0439\u043e\u0433\u043e \u0434\u0456\u0457 \u0437\u0430\u043a\u0456\u043d\u0447\u0443\u0454\u0442\u044c\u0441\u044f \u0447\u0435\u0440\u0435\u0437 1 \u0434\u0435\u043d\u044c.<\/p>\n\n\n\n<h2 class=\"wp-block-heading\">\u0412\u0431\u0443\u0434\u043e\u0432\u0443\u0432\u0430\u043d\u043d\u044f \u043a\u043e\u043d\u0442\u0435\u043d\u0442\u0443 \u0437 \u0456\u043d\u0448\u0438\u0445 \u0441\u0430\u0439\u0442\u0456\u0432<\/h2>\n\n\n\n<p>\u0421\u0442\u0430\u0442\u0442\u0456 \u043d\u0430 \u0446\u044c\u043e\u043c\u0443 \u0432\u0435\u0431-\u0441\u0430\u0439\u0442\u0456 \u043c\u043e\u0436\u0443\u0442\u044c \u043c\u0456\u0441\u0442\u0438\u0442\u0438 \u0432\u0431\u0443\u0434\u043e\u0432\u0430\u043d\u0438\u0439 \u043a\u043e\u043d\u0442\u0435\u043d\u0442 (\u043d\u0430\u043f\u0440\u0438\u043a\u043b\u0430\u0434, \u0432\u0456\u0434\u0435\u043e, \u0437\u043e\u0431\u0440\u0430\u0436\u0435\u043d\u043d\u044f, \u0441\u0442\u0430\u0442\u0442\u0456 \u0442\u043e\u0449\u043e). \u0412\u0431\u0443\u0434\u043e\u0432\u0430\u043d\u0438\u0439 \u043a\u043e\u043d\u0442\u0435\u043d\u0442 \u0437 \u0456\u043d\u0448\u0438\u0445 \u0441\u0430\u0439\u0442\u0456\u0432 \u043f\u043e\u0432\u043e\u0434\u0438\u0442\u044c\u0441\u044f \u0442\u0430\u043a, \u043d\u0456\u0431\u0438 \u043a\u043e\u0440\u0438\u0441\u0442\u0443\u0432\u0430\u0447 \u0432\u0456\u0434\u0432\u0456\u0434\u0430\u0432 \u043a\u043e\u043d\u043a\u0440\u0435\u0442\u043d\u0438\u0439 \u0441\u0430\u0439\u0442 \u0431\u0435\u0437\u043f\u043e\u0441\u0435\u0440\u0435\u0434\u043d\u044c\u043e.<\/p>\n\n\n\n<p>\u0421\u0430\u0439\u0442\u0438 \u043c\u043e\u0436\u0443\u0442\u044c \u0437\u0431\u0438\u0440\u0430\u0442\u0438 \u0456\u043d\u0444\u043e\u0440\u043c\u0430\u0446\u0456\u044e \u043f\u0440\u043e \u0412\u0430\u0441, \u0432\u0438\u043a\u043e\u0440\u0438\u0441\u0442\u043e\u0432\u0443\u0432\u0430\u0442\u0438 \u0444\u0430\u0439\u043b\u0438 cookie, \u043f\u0440\u0438\u0454\u0434\u043d\u0443\u0432\u0430\u0442\u0438 \u0434\u043e\u0434\u0430\u0442\u043a\u043e\u0432\u0456 \u0441\u0442\u043e\u0440\u043e\u043d\u043d\u0456 \u0441\u0438\u0441\u0442\u0435\u043c\u0438 \u0432\u0456\u0434\u0441\u0442\u0435\u0436\u0435\u043d\u043d\u044f \u0456 \u0432\u0456\u0434\u0441\u0442\u0435\u0436\u0443\u0432\u0430\u0442\u0438 \u0412\u0430\u0448\u0456 \u0432\u0437\u0430\u0454\u043c\u043e\u0434\u0456\u0457 \u0437 \u0432\u0431\u0443\u0434\u043e\u0432\u0430\u043d\u0438\u043c\u0438 \u043c\u0430\u0442\u0435\u0440\u0456\u0430\u043b\u0430\u043c\u0438, \u0432\u043a\u043b\u044e\u0447\u0430\u044e\u0447\u0438 \u0432\u0456\u0434\u0441\u0442\u0435\u0436\u0435\u043d\u043d\u044f \u0412\u0430\u0448\u0438\u0445 \u0432\u0437\u0430\u0454\u043c\u043e\u0434\u0456\u0439 \u0437 \u0432\u0431\u0443\u0434\u043e\u0432\u0430\u043d\u0438\u043c\u0438 \u043c\u0430\u0442\u0435\u0440\u0456\u0430\u043b\u0430\u043c\u0438, \u044f\u043a\u0449\u043e \u0443 \u0412\u0430\u0441 \u0454 \u043e\u0431\u043b\u0456\u043a\u043e\u0432\u0438\u0439 \u0437\u0430\u043f\u0438\u0441 \u0456 \u0412\u0438 \u0443\u0432\u0456\u0439\u0448\u043b\u0438 \u043d\u0430 \u0446\u0435\u0439 \u0441\u0430\u0439\u0442.<\/p>\n\n\n\n<h2 class=\"wp-block-heading\">\u0417 \u043a\u0438\u043c \u043c\u0438 \u0434\u0456\u043b\u0438\u043c\u043e\u0441\u044f \u0434\u0430\u043d\u0438\u043c\u0438<\/h2>\n\n\n\n<p>\u0423 \u0440\u0430\u0437\u0456 \u0437\u0430\u043f\u0438\u0442\u0443 \u043d\u0430 \u0437\u043c\u0456\u043d\u0443 \u043f\u0430\u0440\u043e\u043b\u044f \u0443 \u043d\u0430\u0434\u0456\u0441\u043b\u0430\u043d\u043e\u043c\u0443 \u043f\u043e\u0432\u0456\u0434\u043e\u043c\u043b\u0435\u043d\u043d\u0456 \u0431\u0443\u0434\u0435 \u0432\u043a\u0430\u0437\u0430\u043d\u043e \u0412\u0430\u0448\u0443 IP-\u0430\u0434\u0440\u0435\u0441\u0443.<\/p>\n\n\n\n<h2 class=\"wp-block-heading\">\u042f\u043a \u0434\u043e\u0432\u0433\u043e \u043c\u0438 \u0437\u0431\u0435\u0440\u0456\u0433\u0430\u0454\u043c\u043e \u0432\u0430\u0448\u0456 \u0434\u0430\u043d\u0456<\/h2>\n\n\n\n<p>\u042f\u043a\u0449\u043e \u0432\u0438 \u0437\u0430\u043b\u0438\u0448\u0438\u0442\u0435 \u043a\u043e\u043c\u0435\u043d\u0442\u0430\u0440, \u0439\u043e\u0433\u043e \u0437\u043c\u0456\u0441\u0442 \u0456 \u043c\u0435\u0442\u0430\u0434\u0430\u043d\u0456 \u0431\u0443\u0434\u0443\u0442\u044c \u0437\u0431\u0435\u0440\u0456\u0433\u0430\u0442\u0438\u0441\u044f \u043f\u0440\u043e\u0442\u044f\u0433\u043e\u043c \u043d\u0435\u0432\u0438\u0437\u043d\u0430\u0447\u0435\u043d\u043e\u0433\u043e \u0442\u0435\u0440\u043c\u0456\u043d\u0443. \u0422\u0430\u043a\u0438\u043c \u0447\u0438\u043d\u043e\u043c, \u043c\u0438 \u043c\u043e\u0436\u0435\u043c\u043e \u0430\u0432\u0442\u043e\u043c\u0430\u0442\u0438\u0447\u043d\u043e \u0440\u043e\u0437\u043f\u0456\u0437\u043d\u0430\u0432\u0430\u0442\u0438 \u0442\u0430 \u0437\u0430\u0442\u0432\u0435\u0440\u0434\u0436\u0443\u0432\u0430\u0442\u0438 \u043d\u0430\u0441\u0442\u0443\u043f\u043d\u0456 \u043a\u043e\u043c\u0435\u043d\u0442\u0430\u0440\u0456, \u043d\u0435 \u0432\u0456\u0434\u043f\u0440\u0430\u0432\u043b\u044f\u044e\u0447\u0438 \u0457\u0445 \u0449\u043e\u0440\u0430\u0437\u0443 \u043d\u0430 \u043c\u043e\u0434\u0435\u0440\u0430\u0446\u0456\u044e.<\/p>\n\n\n\n<p>\u0414\u043b\u044f \u043a\u043e\u0440\u0438\u0441\u0442\u0443\u0432\u0430\u0447\u0456\u0432, \u044f\u043a\u0456 \u0437\u0430\u0440\u0435\u0454\u0441\u0442\u0440\u0443\u0432\u0430\u043b\u0438\u0441\u044f \u043d\u0430 \u043d\u0430\u0448\u043e\u043c\u0443 \u0441\u0430\u0439\u0442\u0456 (\u044f\u043a\u0449\u043e \u0442\u0430\u043a\u0456 \u0454), \u043c\u0438 \u0442\u0430\u043a\u043e\u0436 \u0437\u0431\u0435\u0440\u0456\u0433\u0430\u0454\u043c\u043e \u043e\u0441\u043e\u0431\u0438\u0441\u0442\u0443 \u0456\u043d\u0444\u043e\u0440\u043c\u0430\u0446\u0456\u044e, \u0432\u0432\u0435\u0434\u0435\u043d\u0443 \u0432 \u043f\u0440\u043e\u0444\u0456\u043b\u0456. \u0411\u0443\u0434\u044c-\u044f\u043a\u0438\u0439 \u043a\u043e\u0440\u0438\u0441\u0442\u0443\u0432\u0430\u0447 \u043c\u043e\u0436\u0435 \u043f\u0435\u0440\u0435\u0433\u043b\u044f\u043d\u0443\u0442\u0438, \u0432\u0438\u043f\u0440\u0430\u0432\u0438\u0442\u0438 \u0430\u0431\u043e \u0432\u0438\u0434\u0430\u043b\u0438\u0442\u0438 \u0441\u0432\u043e\u044e \u043e\u0441\u043e\u0431\u0438\u0441\u0442\u0443 \u0456\u043d\u0444\u043e\u0440\u043c\u0430\u0446\u0456\u044e \u0432 \u0431\u0443\u0434\u044c-\u044f\u043a\u0438\u0439 \u0447\u0430\u0441 (\u0437\u0430 \u0432\u0438\u043d\u044f\u0442\u043a\u043e\u043c \u0456\u043c\u0435\u043d\u0456 \u043a\u043e\u0440\u0438\u0441\u0442\u0443\u0432\u0430\u0447\u0430, \u044f\u043a\u0435 \u043d\u0435 \u043c\u043e\u0436\u0435 \u0431\u0443\u0442\u0438 \u0437\u043c\u0456\u043d\u0435\u043d\u043e). \u0410\u0434\u043c\u0456\u043d\u0456\u0441\u0442\u0440\u0430\u0442\u043e\u0440\u0438 \u0441\u0430\u0439\u0442\u0443 \u0442\u0430\u043a\u043e\u0436 \u043c\u043e\u0436\u0443\u0442\u044c \u043f\u0435\u0440\u0435\u0433\u043b\u044f\u0434\u0430\u0442\u0438 \u0442\u0430 \u0437\u043c\u0456\u043d\u044e\u0432\u0430\u0442\u0438 \u0446\u044e \u0456\u043d\u0444\u043e\u0440\u043c\u0430\u0446\u0456\u044e.<\/p>\n\n\n\n<h2 class=\"wp-block-heading\">\u042f\u043a\u0456 \u043f\u0440\u0430\u0432\u0430 \u0432\u0438 \u043c\u0430\u0454\u0442\u0435 \u043d\u0430 \u0441\u0432\u043e\u0457 \u0434\u0430\u043d\u0456<\/h2>\n\n\n\n<p>\u042f\u043a\u0449\u043e \u0443 \u0432\u0430\u0441 \u0454 \u043e\u0431\u043b\u0456\u043a\u043e\u0432\u0438\u0439 \u0437\u0430\u043f\u0438\u0441 \u043a\u043e\u0440\u0438\u0441\u0442\u0443\u0432\u0430\u0447\u0430 \u0430\u0431\u043e \u0432\u0438 \u0440\u043e\u0437\u043c\u0456\u0449\u0443\u0432\u0430\u043b\u0438 \u043a\u043e\u043c\u0435\u043d\u0442\u0430\u0440\u0456 \u043d\u0430 \u0446\u044c\u043e\u043c\u0443 \u0441\u0430\u0439\u0442\u0456, \u0432\u0438 \u043c\u043e\u0436\u0435\u0442\u0435 \u0437\u0430\u043f\u0440\u043e\u0441\u0438\u0442\u0438 \u0444\u0430\u0439\u043b \u0437 \u0435\u043a\u0441\u043f\u043e\u0440\u0442\u043e\u0432\u0430\u043d\u0438\u043c \u043d\u0430\u0431\u043e\u0440\u043e\u043c \u0432\u0430\u0448\u043e\u0457 \u043e\u0441\u043e\u0431\u0438\u0441\u0442\u043e\u0457 \u0456\u043d\u0444\u043e\u0440\u043c\u0430\u0446\u0456\u0457, \u0449\u043e \u0437\u0431\u0435\u0440\u0456\u0433\u0430\u0454\u0442\u044c\u0441\u044f \u0443 \u043d\u0430\u0441, \u0432\u043a\u043b\u044e\u0447\u0430\u044e\u0447\u0438 \u0432\u0441\u044e \u043d\u0430\u0434\u0430\u043d\u0443 \u0432\u0430\u043c\u0438 \u0456\u043d\u0444\u043e\u0440\u043c\u0430\u0446\u0456\u044e. \u0412\u0438 \u0442\u0430\u043a\u043e\u0436 \u043c\u043e\u0436\u0435\u0442\u0435 \u0432\u0438\u043c\u0430\u0433\u0430\u0442\u0438, \u0449\u043e\u0431 \u043c\u0438 \u0432\u0438\u0434\u0430\u043b\u0438\u043b\u0438 \u0432\u0441\u0456 \u0432\u0430\u0448\u0456 \u043f\u0435\u0440\u0441\u043e\u043d\u0430\u043b\u044c\u043d\u0456 \u0434\u0430\u043d\u0456, \u044f\u043a\u0438\u043c\u0438 \u043c\u0438 \u0432\u043e\u043b\u043e\u0434\u0456\u0454\u043c\u043e. \u0426\u0435 \u043d\u0435 \u0441\u0442\u043e\u0441\u0443\u0454\u0442\u044c\u0441\u044f \u0431\u0443\u0434\u044c-\u044f\u043a\u0438\u0445 \u0434\u0430\u043d\u0438\u0445, \u044f\u043a\u0456 \u043c\u0438 \u0437\u043e\u0431\u043e\u0432'\u044f\u0437\u0430\u043d\u0456 \u0437\u0431\u0435\u0440\u0456\u0433\u0430\u0442\u0438 \u0437 \u0430\u0434\u043c\u0456\u043d\u0456\u0441\u0442\u0440\u0430\u0442\u0438\u0432\u043d\u0438\u0445, \u044e\u0440\u0438\u0434\u0438\u0447\u043d\u0438\u0445 \u043f\u0440\u0438\u0447\u0438\u043d \u0430\u0431\u043e \u0437 \u043c\u0456\u0440\u043a\u0443\u0432\u0430\u043d\u044c \u0431\u0435\u0437\u043f\u0435\u043a\u0438.<\/p>\n\n\n\n<h2 class=\"wp-block-heading\">\u041a\u0443\u0434\u0438 \u043c\u0438 \u0432\u0456\u0434\u043f\u0440\u0430\u0432\u043b\u044f\u0454\u043c\u043e \u0432\u0430\u0448\u0456 \u0434\u0430\u043d\u0456<\/h2>\n\n\n\n<p>\u041a\u043e\u043c\u0435\u043d\u0442\u0430\u0440\u0456 \u0432\u0456\u0434\u0432\u0456\u0434\u0443\u0432\u0430\u0447\u0456\u0432 \u043c\u043e\u0436\u0443\u0442\u044c \u0431\u0443\u0442\u0438 \u043f\u0435\u0440\u0435\u0432\u0456\u0440\u0435\u043d\u0456 \u0437\u0430 \u0434\u043e\u043f\u043e\u043c\u043e\u0433\u043e\u044e \u0430\u0432\u0442\u043e\u043c\u0430\u0442\u0438\u0437\u043e\u0432\u0430\u043d\u043e\u0457 \u0441\u043b\u0443\u0436\u0431\u0438 \u0432\u0438\u044f\u0432\u043b\u0435\u043d\u043d\u044f \u0441\u043f\u0430\u043c\u0443.<\/p>","protected":false},"excerpt":{"rendered":"<p>Kim jeste\u015bmy Adres naszej strony internetowej to: https:\/\/archiwumwolnosci.pl. Archiwum Wolno\u015bci\u00a0Ziemia Przemyska i region 1967-1997 \u2013 dzia\u0142alno\u015b\u0107 opozycyjna i inicjatywy obywatelskie to portal, kt\u00f3ry powsta\u0142 dzi\u0119ki dofinansowaniu\u00a0Muzeum Historii Polski w Warszawie\u00a0w ramach konkursu\u00a0\u201ePatriotyzm Jutra\u201d. Portal obejmuje okres lokalnej historii, kt\u00f3ry jest ma\u0142o znany, bo niewystarczaj\u0105co upowszechniony i dlatego prawie zapomniany. Comments Kiedy odwiedzaj\u0105cy witryn\u0119 zostawia komentarz, [&hellip;]<\/p>","protected":false},"author":1,"featured_media":0,"parent":0,"menu_order":0,"comment_status":"closed","ping_status":"closed","template":"","meta":{"footnotes":""},"_links":{"self":[{"href":"https:\/\/archiwumwolnosci.pl\/uk\/wp-json\/wp\/v2\/pages\/6586"}],"collection":[{"href":"https:\/\/archiwumwolnosci.pl\/uk\/wp-json\/wp\/v2\/pages"}],"about":[{"href":"https:\/\/archiwumwolnosci.pl\/uk\/wp-json\/wp\/v2\/types\/page"}],"author":[{"embeddable":true,"href":"https:\/\/archiwumwolnosci.pl\/uk\/wp-json\/wp\/v2\/users\/1"}],"replies":[{"embeddable":true,"href":"https:\/\/archiwumwolnosci.pl\/uk\/wp-json\/wp\/v2\/comments?post=6586"}],"version-history":[{"count":1,"href":"https:\/\/archiwumwolnosci.pl\/uk\/wp-json\/wp\/v2\/pages\/6586\/revisions"}],"predecessor-version":[{"id":6587,"href":"https:\/\/archiwumwolnosci.pl\/uk\/wp-json\/wp\/v2\/pages\/6586\/revisions\/6587"}],"wp:attachment":[{"href":"https:\/\/archiwumwolnosci.pl\/uk\/wp-json\/wp\/v2\/media?parent=6586"}],"curies":[{"name":"wp","href":"https:\/\/api.w.org\/{rel}","templated":true}]}}