{"id":6586,"date":"2022-11-29T07:09:08","date_gmt":"2022-11-29T07:09:08","guid":{"rendered":"https:\/\/archiwumwolnosci.pl\/?page_id=6586"},"modified":"2022-11-29T07:09:09","modified_gmt":"2022-11-29T07:09:09","slug":"polityka-prywatnosci","status":"publish","type":"page","link":"https:\/\/archiwumwolnosci.pl\/sk\/polityka-prywatnosci\/","title":{"rendered":"Z\u00e1sady ochrany osobn\u00fdch \u00fadajov"},"content":{"rendered":"<h2 class=\"wp-block-heading\">Kto sme<\/h2>\n\n\n\n<p>Na\u0161a webov\u00e1 adresa je: https:\/\/archiwumwolnosci.pl.<\/p>\n\n\n\n<p>Arch\u00edv slobody\u00a0<strong>Zem a regi\u00f3n Przemysl 1967-1997 - Opozi\u010dn\u00e9 aktivity a ob\u010dianske iniciat\u00edvy<\/strong> je port\u00e1l, ktor\u00fd vznikol v\u010faka finan\u010dn\u00fdm prostriedkom\u00a0<strong>M\u00fazeum po\u013esk\u00fdch dej\u00edn vo Var\u0161ave\u00a0<\/strong>v r\u00e1mci v\u00fdberov\u00e9ho konania<strong>\u00a0\"Patriotizmus zajtraj\u0161ka\".<\/strong>. Port\u00e1l pokr\u00fdva obdobie miestnych dej\u00edn, ktor\u00e9 je m\u00e1lo zn\u00e1me, preto\u017ee je nedostato\u010dne propagovan\u00e9, a preto takmer zabudnut\u00e9.<\/p>\n\n\n\n<h2 class=\"wp-block-heading\">Koment\u00e1re<\/h2>\n\n\n\n<p>Ke\u010f n\u00e1v\u0161tevn\u00edk str\u00e1nky zanech\u00e1 koment\u00e1r, zhroma\u017e\u010fujeme \u00fadaje vidite\u013en\u00e9 vo formul\u00e1ri koment\u00e1ra, ako aj IP adresu n\u00e1v\u0161tevn\u00edka a podpis prehliada\u010da ako pom\u00f4cku pri detekcii spamu.<\/p>\n\n\n\n<p>Anonymizovan\u00fd re\u0165azec vytvoren\u00fd z va\u0161ej e-mailovej adresy (zn\u00e1my aj ako hash) sa m\u00f4\u017ee odosla\u0165 slu\u017ebe Gravatar na overenie jej pou\u017e\u00edvania. Z\u00e1sady ochrany osobn\u00fdch \u00fadajov slu\u017eby Gravatar s\u00fa k dispoz\u00edcii na tejto adrese: https:\/\/automattic.com\/privacy\/. Po schv\u00e1len\u00ed v\u00e1\u0161ho koment\u00e1ra je va\u0161a profilov\u00e1 fotografia verejne vidite\u013en\u00e1 v kontexte v\u00e1\u0161ho koment\u00e1ra.<\/p>\n\n\n\n<h2 class=\"wp-block-heading\">M\u00e9di\u00e1<\/h2>\n\n\n\n<p>Ak ste registrovan\u00fdm pou\u017e\u00edvate\u013eom a nahr\u00e1vate na str\u00e1nku obr\u00e1zky, mali by ste sa vyhn\u00fa\u0165 nahr\u00e1vaniu obr\u00e1zkov s ozna\u010den\u00edm polohy EXIF. N\u00e1v\u0161tevn\u00edci str\u00e1nky si m\u00f4\u017eu stiahnu\u0165 a pre\u010d\u00edta\u0165 \u00fapln\u00e9 \u00fadaje o polohe z obr\u00e1zkov na str\u00e1nke.<\/p>\n\n\n\n<h2 class=\"wp-block-heading\">Cookies<\/h2>\n\n\n\n<p>Ak na str\u00e1nke nap\u00ed\u0161ete koment\u00e1r, budete si m\u00f4c\u0165 zvoli\u0165 ulo\u017eenie svojho mena, e-mailovej adresy a webovej str\u00e1nky do s\u00faborov cookie, tak\u017ee pri p\u00edsan\u00ed \u010fal\u0161\u00edch koment\u00e1rov u\u017e bud\u00fa uveden\u00e9 inform\u00e1cie pohodlne doplnen\u00e9. Platnos\u0165 s\u00faborov cookie vypr\u0161\u00ed po jednom roku.<\/p>\n\n\n\n<p>Ak nav\u0161t\u00edvite prihlasovaciu str\u00e1nku, vytvor\u00edme do\u010dasn\u00fd s\u00fabor cookie, aby sme skontrolovali, \u010di v\u00e1\u0161 prehliada\u010d prij\u00edma s\u00fabory cookie. Neobsahuje \u017eiadne osobn\u00e9 \u00fadaje a po zatvoren\u00ed prehliada\u010da sa vyma\u017ee.<\/p>\n\n\n\n<p>Pri prihl\u00e1sen\u00ed navy\u0161e vytvor\u00edme nieko\u013eko s\u00faborov cookie potrebn\u00fdch na ulo\u017eenie va\u0161ich prihlasovac\u00edch \u00fadajov a vybran\u00fdch mo\u017enost\u00ed obrazovky. Platnos\u0165 prihlasovac\u00edch s\u00faborov cookie vypr\u0161\u00ed po dvoch d\u0148och a platnos\u0165 mo\u017enost\u00ed obrazovky po jednom roku. Ak vyberiete mo\u017enos\u0165 \"Zapam\u00e4ta\u0165 si ma\", va\u0161e prihl\u00e1senie vypr\u0161\u00ed po dvoch t\u00fd\u017ed\u0148och. Ak sa odhl\u00e1site zo svojho konta, va\u0161e prihlasovacie s\u00fabory cookie sa vyma\u017e\u00fa.<\/p>\n\n\n\n<p>Ak uprav\u00edte alebo uverejn\u00edte \u010dl\u00e1nok, do v\u00e1\u0161ho prehliada\u010da sa ulo\u017e\u00ed \u010fal\u0161\u00ed s\u00fabor cookie. Tento s\u00fabor cookie neobsahuje \u017eiadne osobn\u00e9 \u00fadaje, iba odkazuje na ID \u010dl\u00e1nku, ktor\u00fd ste pr\u00e1ve upravili. Jeho platnos\u0165 vypr\u0161\u00ed po 1 dni.<\/p>\n\n\n\n<h2 class=\"wp-block-heading\">Vkladanie obsahu z in\u00fdch lokal\u00edt<\/h2>\n\n\n\n<p>\u010cl\u00e1nky na tejto webovej str\u00e1nke m\u00f4\u017eu obsahova\u0165 vlo\u017een\u00fd obsah (napr. vide\u00e1, obr\u00e1zky, \u010dl\u00e1nky at\u010f.). Vlo\u017een\u00fd obsah z in\u00fdch lokal\u00edt sa spr\u00e1va, ako keby pou\u017e\u00edvate\u013e nav\u0161t\u00edvil konkr\u00e9tnu lokalitu priamo.<\/p>\n\n\n\n<p>Webov\u00e9 lokality m\u00f4\u017eu zhroma\u017e\u010fova\u0165 inform\u00e1cie o v\u00e1s, pou\u017e\u00edva\u0165 s\u00fabory cookie, prip\u00e1ja\u0165 \u010fal\u0161ie sledovacie syst\u00e9my tret\u00edch str\u00e1n a monitorova\u0165 va\u0161e interakcie s vlo\u017een\u00fdm materi\u00e1lom vr\u00e1tane sledovania va\u0161ich interakci\u00ed s vlo\u017een\u00fdm materi\u00e1lom, ak m\u00e1te \u00fa\u010det a ste prihl\u00e1sen\u00ed na danej webovej lokalite.<\/p>\n\n\n\n<h2 class=\"wp-block-heading\">S k\u00fdm zdie\u013eame \u00fadaje<\/h2>\n\n\n\n<p>Ak po\u017eiadate o obnovenie hesla, v odoslanej spr\u00e1ve bude uveden\u00e1 va\u0161a IP adresa.<\/p>\n\n\n\n<h2 class=\"wp-block-heading\">Ako dlho uchov\u00e1vame va\u0161e \u00fadaje<\/h2>\n\n\n\n<p>Ak zanech\u00e1te koment\u00e1r, jeho obsah a metad\u00e1ta sa ulo\u017eia na neur\u010dit\u00fd \u010das. Takto m\u00f4\u017eeme automaticky rozpozna\u0165 a schv\u00e1li\u0165 \u010fal\u0161ie koment\u00e1re bez toho, aby sme ich museli zaka\u017ed\u00fdm posiela\u0165 na moderovanie.<\/p>\n\n\n\n<p>V pr\u00edpade pou\u017e\u00edvate\u013eov, ktor\u00ed sa zaregistrovali na na\u0161ej webovej str\u00e1nke (ak existuj\u00fa), uklad\u00e1me aj osobn\u00e9 \u00fadaje zadan\u00e9 v profile. Ka\u017ed\u00fd pou\u017e\u00edvate\u013e m\u00f4\u017ee kedyko\u013evek skontrolova\u0165, opravi\u0165 alebo vymaza\u0165 svoje osobn\u00e9 \u00fadaje (okrem svojho pou\u017e\u00edvate\u013esk\u00e9ho mena, ktor\u00e9 nie je mo\u017en\u00e9 zmeni\u0165). Tieto inform\u00e1cie si m\u00f4\u017eu prezera\u0165 a upravova\u0165 aj spr\u00e1vcovia str\u00e1nok.<\/p>\n\n\n\n<h2 class=\"wp-block-heading\">Ak\u00e9 m\u00e1te pr\u00e1va na svoje \u00fadaje<\/h2>\n\n\n\n<p>Ak m\u00e1te pou\u017e\u00edvate\u013esk\u00e9 konto alebo ste na tejto str\u00e1nke uverejnili koment\u00e1re, m\u00f4\u017eete po\u017eiada\u0165 o s\u00fabor s exportovan\u00fdm s\u00faborom va\u0161ich osobn\u00fdch \u00fadajov, ktor\u00e9 m\u00e1me k dispoz\u00edcii, vr\u00e1tane v\u0161etk\u00fdch vami poskytnut\u00fdch inform\u00e1ci\u00ed. M\u00f4\u017eete tie\u017e po\u017eiada\u0165, aby sme vymazali v\u0161etky va\u0161e osobn\u00e9 \u00fadaje, ktor\u00e9 m\u00e1me k dispoz\u00edcii. To sa nevz\u0165ahuje na \u00fadaje, ktor\u00e9 sme povinn\u00ed uchov\u00e1va\u0165 z administrat\u00edvnych, pr\u00e1vnych alebo bezpe\u010dnostn\u00fdch d\u00f4vodov.<\/p>\n\n\n\n<h2 class=\"wp-block-heading\">Kam posielame va\u0161e \u00fadaje<\/h2>\n\n\n\n<p>Koment\u00e1re n\u00e1v\u0161tevn\u00edkov mo\u017eno kontrolova\u0165 pomocou automatickej slu\u017eby na detekciu spamu.<\/p>","protected":false},"excerpt":{"rendered":"<p>Kim jeste\u015bmy Adres naszej strony internetowej to: https:\/\/archiwumwolnosci.pl. Archiwum Wolno\u015bci\u00a0Ziemia Przemyska i region 1967-1997 \u2013 dzia\u0142alno\u015b\u0107 opozycyjna i inicjatywy obywatelskie to portal, kt\u00f3ry powsta\u0142 dzi\u0119ki dofinansowaniu\u00a0Muzeum Historii Polski w Warszawie\u00a0w ramach konkursu\u00a0\u201ePatriotyzm Jutra\u201d. Portal obejmuje okres lokalnej historii, kt\u00f3ry jest ma\u0142o znany, bo niewystarczaj\u0105co upowszechniony i dlatego prawie zapomniany. Comments Kiedy odwiedzaj\u0105cy witryn\u0119 zostawia komentarz, [&hellip;]<\/p>","protected":false},"author":1,"featured_media":0,"parent":0,"menu_order":0,"comment_status":"closed","ping_status":"closed","template":"","meta":{"footnotes":""},"_links":{"self":[{"href":"https:\/\/archiwumwolnosci.pl\/sk\/wp-json\/wp\/v2\/pages\/6586"}],"collection":[{"href":"https:\/\/archiwumwolnosci.pl\/sk\/wp-json\/wp\/v2\/pages"}],"about":[{"href":"https:\/\/archiwumwolnosci.pl\/sk\/wp-json\/wp\/v2\/types\/page"}],"author":[{"embeddable":true,"href":"https:\/\/archiwumwolnosci.pl\/sk\/wp-json\/wp\/v2\/users\/1"}],"replies":[{"embeddable":true,"href":"https:\/\/archiwumwolnosci.pl\/sk\/wp-json\/wp\/v2\/comments?post=6586"}],"version-history":[{"count":1,"href":"https:\/\/archiwumwolnosci.pl\/sk\/wp-json\/wp\/v2\/pages\/6586\/revisions"}],"predecessor-version":[{"id":6587,"href":"https:\/\/archiwumwolnosci.pl\/sk\/wp-json\/wp\/v2\/pages\/6586\/revisions\/6587"}],"wp:attachment":[{"href":"https:\/\/archiwumwolnosci.pl\/sk\/wp-json\/wp\/v2\/media?parent=6586"}],"curies":[{"name":"wp","href":"https:\/\/api.w.org\/{rel}","templated":true}]}}