{"id":6586,"date":"2022-11-29T07:09:08","date_gmt":"2022-11-29T07:09:08","guid":{"rendered":"https:\/\/archiwumwolnosci.pl\/?page_id=6586"},"modified":"2022-11-29T07:09:09","modified_gmt":"2022-11-29T07:09:09","slug":"polityka-prywatnosci","status":"publish","type":"page","link":"https:\/\/archiwumwolnosci.pl\/it\/polityka-prywatnosci\/","title":{"rendered":"Informativa sulla privacy"},"content":{"rendered":"<h2 class=\"wp-block-heading\">Chi siamo<\/h2>\n\n\n\n<p>L'indirizzo del nostro sito web \u00e8: https:\/\/archiwumwolnosci.pl.<\/p>\n\n\n\n<p>Archivio della libert\u00e0\u00a0<strong>Il territorio e la regione di Przemysl 1967-1997 - Attivit\u00e0 di opposizione e iniziative civiche<\/strong> \u00e8 un portale nato grazie al finanziamento di\u00a0<strong>Museo di storia polacca di Varsavia\u00a0<\/strong>nell'ambito del concorso<strong>\u00a0\"Il patriottismo di domani\".<\/strong>. Il portale copre un periodo di storia locale poco conosciuto perch\u00e9 non sufficientemente pubblicizzato e quindi quasi dimenticato.<\/p>\n\n\n\n<h2 class=\"wp-block-heading\">Commenti<\/h2>\n\n\n\n<p>Quando un visitatore del sito lascia un commento, raccogliamo i dati visibili nel modulo di commento, nonch\u00e9 l'indirizzo IP e la firma del browser del visitatore come aiuto per il rilevamento dello spam.<\/p>\n\n\n\n<p>Una stringa anonima creata dal vostro indirizzo e-mail (nota anche come hash) pu\u00f2 essere inviata al servizio Gravatar per verificarne l'utilizzo. L'informativa sulla privacy del servizio Gravatar \u00e8 disponibile all'indirizzo: https:\/\/automattic.com\/privacy\/. Una volta approvato il commento, l'immagine del profilo \u00e8 visibile pubblicamente nel contesto del commento.<\/p>\n\n\n\n<h2 class=\"wp-block-heading\">Media<\/h2>\n\n\n\n<p>Se siete utenti registrati e caricate immagini sul sito, dovreste evitare di caricare immagini con tag di localizzazione EXIF. I visitatori del sito possono scaricare e leggere i dati completi sulla posizione dalle immagini presenti sul sito.<\/p>\n\n\n\n<h2 class=\"wp-block-heading\">Biscotti<\/h2>\n\n\n\n<p>Se commentate sul sito, potrete scegliere di salvare il vostro nome, l'indirizzo e-mail e il sito web nei cookie, in modo che quando scriverete altri commenti, le informazioni di cui sopra saranno gi\u00e0 comodamente compilate. I cookie scadono dopo un anno.<\/p>\n\n\n\n<p>Se visitate la pagina di accesso, creeremo un cookie temporaneo per verificare che il vostro browser accetti i cookie. Questo non contiene dati personali e viene cancellato alla chiusura del browser.<\/p>\n\n\n\n<p>Quando l'utente effettua l'accesso, vengono inoltre creati diversi cookie necessari per salvare le informazioni di accesso e le opzioni selezionate per la schermata. I cookie di accesso scadono dopo due giorni e le opzioni dello schermo dopo un anno. Se si seleziona l'opzione \"Ricordami\", il login scadr\u00e0 dopo due settimane. Se si esce dal proprio account, i cookie di accesso verranno eliminati.<\/p>\n\n\n\n<p>Se modificate o pubblicate un articolo, un ulteriore cookie viene memorizzato nel vostro browser. Questo cookie non contiene dati personali, ma punta semplicemente all'ID dell'articolo appena modificato. Scade dopo 1 giorno.<\/p>\n\n\n\n<h2 class=\"wp-block-heading\">Incorporare contenuti da altri siti<\/h2>\n\n\n\n<p>Gli articoli di questo sito web possono contenere contenuti incorporati (ad esempio video, immagini, articoli, ecc.). Il contenuto incorporato di altri siti si comporta come se l'utente avesse visitato direttamente il sito specifico.<\/p>\n\n\n\n<p>I siti possono raccogliere informazioni sull'utente, utilizzare cookie, collegare ulteriori sistemi di tracciamento di terze parti e monitorare le interazioni dell'utente con il materiale incorporato, compreso il tracciamento delle interazioni dell'utente con il materiale incorporato se dispone di un account ed \u00e8 connesso al sito.<\/p>\n\n\n\n<h2 class=\"wp-block-heading\">Con chi condividiamo i dati<\/h2>\n\n\n\n<p>Se si richiede la reimpostazione della password, il proprio indirizzo IP sar\u00e0 incluso nel messaggio inviato.<\/p>\n\n\n\n<h2 class=\"wp-block-heading\">Per quanto tempo conserviamo i vostri dati<\/h2>\n\n\n\n<p>Se lasciate un commento, il suo contenuto e i suoi metadati saranno conservati a tempo indeterminato. In questo modo, siamo in grado di riconoscere e approvare automaticamente i commenti successivi, senza inviarli ogni volta alla moderazione.<\/p>\n\n\n\n<p>Per gli utenti che si sono registrati sul nostro sito web (se presenti), memorizziamo anche le informazioni personali inserite nel profilo. Ogni utente pu\u00f2 rivedere, correggere o cancellare le proprie informazioni personali in qualsiasi momento (ad eccezione del nome utente, che non pu\u00f2 essere modificato). Anche gli amministratori del sito possono visualizzare e modificare queste informazioni.<\/p>\n\n\n\n<h2 class=\"wp-block-heading\">Quali diritti avete sui vostri dati?<\/h2>\n\n\n\n<p>Se avete un account utente o avete pubblicato commenti su questo sito, potete richiedere un file con un set esportato delle vostre informazioni personali in nostro possesso, comprese tutte le informazioni da voi fornite. Potete anche richiedere la cancellazione di tutti i vostri dati personali in nostro possesso. Questo non vale per i dati che siamo obbligati a conservare per motivi amministrativi, legali o di sicurezza.<\/p>\n\n\n\n<h2 class=\"wp-block-heading\">Dove inviamo i vostri dati<\/h2>\n\n\n\n<p>I commenti dei visitatori possono essere controllati con un servizio automatico di rilevamento dello spam.<\/p>","protected":false},"excerpt":{"rendered":"<p>Kim jeste\u015bmy Adres naszej strony internetowej to: https:\/\/archiwumwolnosci.pl. Archiwum Wolno\u015bci\u00a0Ziemia Przemyska i region 1967-1997 \u2013 dzia\u0142alno\u015b\u0107 opozycyjna i inicjatywy obywatelskie to portal, kt\u00f3ry powsta\u0142 dzi\u0119ki dofinansowaniu\u00a0Muzeum Historii Polski w Warszawie\u00a0w ramach konkursu\u00a0\u201ePatriotyzm Jutra\u201d. Portal obejmuje okres lokalnej historii, kt\u00f3ry jest ma\u0142o znany, bo niewystarczaj\u0105co upowszechniony i dlatego prawie zapomniany. Comments Kiedy odwiedzaj\u0105cy witryn\u0119 zostawia komentarz, [&hellip;]<\/p>","protected":false},"author":1,"featured_media":0,"parent":0,"menu_order":0,"comment_status":"closed","ping_status":"closed","template":"","meta":{"footnotes":""},"_links":{"self":[{"href":"https:\/\/archiwumwolnosci.pl\/it\/wp-json\/wp\/v2\/pages\/6586"}],"collection":[{"href":"https:\/\/archiwumwolnosci.pl\/it\/wp-json\/wp\/v2\/pages"}],"about":[{"href":"https:\/\/archiwumwolnosci.pl\/it\/wp-json\/wp\/v2\/types\/page"}],"author":[{"embeddable":true,"href":"https:\/\/archiwumwolnosci.pl\/it\/wp-json\/wp\/v2\/users\/1"}],"replies":[{"embeddable":true,"href":"https:\/\/archiwumwolnosci.pl\/it\/wp-json\/wp\/v2\/comments?post=6586"}],"version-history":[{"count":1,"href":"https:\/\/archiwumwolnosci.pl\/it\/wp-json\/wp\/v2\/pages\/6586\/revisions"}],"predecessor-version":[{"id":6587,"href":"https:\/\/archiwumwolnosci.pl\/it\/wp-json\/wp\/v2\/pages\/6586\/revisions\/6587"}],"wp:attachment":[{"href":"https:\/\/archiwumwolnosci.pl\/it\/wp-json\/wp\/v2\/media?parent=6586"}],"curies":[{"name":"wp","href":"https:\/\/api.w.org\/{rel}","templated":true}]}}