{"id":6586,"date":"2022-11-29T07:09:08","date_gmt":"2022-11-29T07:09:08","guid":{"rendered":"https:\/\/archiwumwolnosci.pl\/?page_id=6586"},"modified":"2022-11-29T07:09:09","modified_gmt":"2022-11-29T07:09:09","slug":"polityka-prywatnosci","status":"publish","type":"page","link":"https:\/\/archiwumwolnosci.pl\/de\/polityka-prywatnosci\/","title":{"rendered":"Datenschutzbestimmungen"},"content":{"rendered":"<h2 class=\"wp-block-heading\">Wer wir sind<\/h2>\n\n\n\n<p>Unsere Website-Adresse lautet: https:\/\/archiwumwolnosci.pl.<\/p>\n\n\n\n<p>Freiheit Archiv\u00a0<strong>Das Land und die Region Przemysl 1967-1997 - Oppositionsaktivit\u00e4ten und B\u00fcrgerinitiativen<\/strong> ist ein Portal, das dank der Finanzierung durch die\u00a0<strong>Museum der polnischen Geschichte in Warschau\u00a0<\/strong>im Rahmen des Wettbewerbs<strong>\u00a0\"Der Patriotismus von morgen\".<\/strong>. Das Portal deckt eine Periode der lokalen Geschichte ab, die wenig bekannt ist, weil sie nur unzureichend bekannt gemacht wurde und daher fast vergessen ist.<\/p>\n\n\n\n<h2 class=\"wp-block-heading\">Kommentare<\/h2>\n\n\n\n<p>Wenn ein Website-Besucher einen Kommentar hinterl\u00e4sst, erfassen wir die im Kommentarformular sichtbaren Daten sowie die IP-Adresse und die Browsersignatur des Besuchers als Hilfsmittel zur Spam-Erkennung.<\/p>\n\n\n\n<p>Eine anonymisierte Zeichenfolge, die aus Ihrer E-Mail-Adresse erstellt wird (auch als Hash bekannt), kann an den Gravatar-Dienst gesendet werden, um zu \u00fcberpr\u00fcfen, ob sie verwendet wird. Die Datenschutzbestimmungen des Gravatar-Dienstes sind unter folgender Adresse zu finden: https:\/\/automattic.com\/privacy\/. Sobald Ihr Kommentar genehmigt ist, ist Ihr Profilbild im Zusammenhang mit Ihrem Kommentar \u00f6ffentlich sichtbar.<\/p>\n\n\n\n<h2 class=\"wp-block-heading\">Medien<\/h2>\n\n\n\n<p>Wenn Sie ein registrierter Benutzer sind und Bilder auf die Website hochladen, sollten Sie es vermeiden, Bilder mit EXIF-Ortsangaben hochzuladen. Die Besucher der Website k\u00f6nnen die vollst\u00e4ndigen Standortdaten von den Bildern auf der Website herunterladen und lesen.<\/p>\n\n\n\n<h2 class=\"wp-block-heading\">Cookies<\/h2>\n\n\n\n<p>Wenn Sie auf der Website einen Kommentar abgeben, k\u00f6nnen Sie w\u00e4hlen, ob Ihr Name, Ihre E-Mail-Adresse und Ihre Website in Cookies gespeichert werden sollen, so dass beim Verfassen weiterer Kommentare die oben genannten Informationen bereits vollst\u00e4ndig sind. Cookies verfallen nach einem Jahr.<\/p>\n\n\n\n<p>Wenn Sie die Anmeldeseite besuchen, legen wir ein tempor\u00e4res Cookie an, um zu pr\u00fcfen, ob Ihr Browser Cookies akzeptiert. Diese enth\u00e4lt keine personenbezogenen Daten und wird beim Schlie\u00dfen des Browsers gel\u00f6scht.<\/p>\n\n\n\n<p>Wenn Sie sich anmelden, erstellen wir zus\u00e4tzlich mehrere Cookies, die ben\u00f6tigt werden, um Ihre Anmeldeinformationen und ausgew\u00e4hlten Bildschirmoptionen zu speichern. Die Anmelde-Cookies verfallen nach zwei Tagen und die Bildschirmoptionen nach einem Jahr. Wenn Sie die Option \"Angemeldet bleiben\" w\u00e4hlen, l\u00e4uft Ihre Anmeldung nach zwei Wochen ab. Wenn Sie sich von Ihrem Konto abmelden, werden Ihre Anmelde-Cookies gel\u00f6scht.<\/p>\n\n\n\n<p>Wenn Sie einen Artikel \u00e4ndern oder ver\u00f6ffentlichen, wird ein zus\u00e4tzliches Cookie in Ihrem Browser gespeichert. Dieses Cookie enth\u00e4lt keine pers\u00f6nlichen Daten, sondern verweist lediglich auf die ID des Artikels, den Sie gerade bearbeitet haben. Er verf\u00e4llt nach 1 Tag.<\/p>\n\n\n\n<h2 class=\"wp-block-heading\">Einbetten von Inhalten von anderen Websites<\/h2>\n\n\n\n<p>Die Artikel auf dieser Website k\u00f6nnen eingebettete Inhalte enthalten (z. B. Videos, Bilder, Artikel usw.). Eingebettete Inhalte von anderen Websites verhalten sich so, als ob der Nutzer die betreffende Website direkt besucht h\u00e4tte.<\/p>\n\n\n\n<p>Websites k\u00f6nnen Informationen \u00fcber Sie sammeln, Cookies verwenden, zus\u00e4tzliche Tracking-Systeme von Drittanbietern einbinden und Ihre Interaktionen mit eingebettetem Material \u00fcberwachen, einschlie\u00dflich der Verfolgung Ihrer Interaktionen mit eingebettetem Material, wenn Sie ein Konto haben und auf dieser Website angemeldet sind.<\/p>\n\n\n\n<h2 class=\"wp-block-heading\">Mit wem wir Daten teilen<\/h2>\n\n\n\n<p>Wenn Sie eine Passwortr\u00fccksetzung anfordern, wird Ihre IP-Adresse in der gesendeten Nachricht enthalten sein.<\/p>\n\n\n\n<h2 class=\"wp-block-heading\">Wie lange wir Ihre Daten aufbewahren<\/h2>\n\n\n\n<p>Wenn Sie einen Kommentar hinterlassen, werden dessen Inhalt und Metadaten auf unbestimmte Zeit gespeichert. Auf diese Weise k\u00f6nnen wir nachfolgende Kommentare automatisch erkennen und genehmigen, ohne sie jedes Mal zur Moderation zu schicken.<\/p>\n\n\n\n<p>Bei Nutzern, die sich auf unserer Website registriert haben (falls vorhanden), speichern wir auch die im Profil eingegebenen pers\u00f6nlichen Daten. Jeder Nutzer kann seine pers\u00f6nlichen Daten jederzeit \u00fcberpr\u00fcfen, korrigieren oder l\u00f6schen (mit Ausnahme seines Benutzernamens, der nicht ge\u00e4ndert werden kann). Die Administratoren der Website k\u00f6nnen diese Informationen ebenfalls einsehen und \u00e4ndern.<\/p>\n\n\n\n<h2 class=\"wp-block-heading\">Welche Rechte haben Sie in Bezug auf Ihre Daten?<\/h2>\n\n\n\n<p>Wenn Sie ein Benutzerkonto haben oder Kommentare auf dieser Website gepostet haben, k\u00f6nnen Sie eine Datei mit einem exportierten Satz Ihrer bei uns gespeicherten pers\u00f6nlichen Daten anfordern, einschlie\u00dflich aller von Ihnen bereitgestellten Informationen. Sie k\u00f6nnen auch verlangen, dass wir alle in unserem Besitz befindlichen personenbezogenen Daten l\u00f6schen. Dies gilt nicht f\u00fcr Daten, die wir aus administrativen, rechtlichen oder sicherheitstechnischen Gr\u00fcnden aufbewahren m\u00fcssen.<\/p>\n\n\n\n<h2 class=\"wp-block-heading\">Wohin wir Ihre Daten senden<\/h2>\n\n\n\n<p>Besucherkommentare k\u00f6nnen mit Hilfe eines automatischen Spam-Erkennungsdienstes \u00fcberpr\u00fcft werden.<\/p>","protected":false},"excerpt":{"rendered":"<p>Kim jeste\u015bmy Adres naszej strony internetowej to: https:\/\/archiwumwolnosci.pl. Archiwum Wolno\u015bci\u00a0Ziemia Przemyska i region 1967-1997 \u2013 dzia\u0142alno\u015b\u0107 opozycyjna i inicjatywy obywatelskie to portal, kt\u00f3ry powsta\u0142 dzi\u0119ki dofinansowaniu\u00a0Muzeum Historii Polski w Warszawie\u00a0w ramach konkursu\u00a0\u201ePatriotyzm Jutra\u201d. Portal obejmuje okres lokalnej historii, kt\u00f3ry jest ma\u0142o znany, bo niewystarczaj\u0105co upowszechniony i dlatego prawie zapomniany. Comments Kiedy odwiedzaj\u0105cy witryn\u0119 zostawia komentarz, [&hellip;]<\/p>","protected":false},"author":1,"featured_media":0,"parent":0,"menu_order":0,"comment_status":"closed","ping_status":"closed","template":"","meta":{"footnotes":""},"_links":{"self":[{"href":"https:\/\/archiwumwolnosci.pl\/de\/wp-json\/wp\/v2\/pages\/6586"}],"collection":[{"href":"https:\/\/archiwumwolnosci.pl\/de\/wp-json\/wp\/v2\/pages"}],"about":[{"href":"https:\/\/archiwumwolnosci.pl\/de\/wp-json\/wp\/v2\/types\/page"}],"author":[{"embeddable":true,"href":"https:\/\/archiwumwolnosci.pl\/de\/wp-json\/wp\/v2\/users\/1"}],"replies":[{"embeddable":true,"href":"https:\/\/archiwumwolnosci.pl\/de\/wp-json\/wp\/v2\/comments?post=6586"}],"version-history":[{"count":1,"href":"https:\/\/archiwumwolnosci.pl\/de\/wp-json\/wp\/v2\/pages\/6586\/revisions"}],"predecessor-version":[{"id":6587,"href":"https:\/\/archiwumwolnosci.pl\/de\/wp-json\/wp\/v2\/pages\/6586\/revisions\/6587"}],"wp:attachment":[{"href":"https:\/\/archiwumwolnosci.pl\/de\/wp-json\/wp\/v2\/media?parent=6586"}],"curies":[{"name":"wp","href":"https:\/\/api.w.org\/{rel}","templated":true}]}}