{"id":6586,"date":"2022-11-29T07:09:08","date_gmt":"2022-11-29T07:09:08","guid":{"rendered":"https:\/\/archiwumwolnosci.pl\/?page_id=6586"},"modified":"2022-11-29T07:09:09","modified_gmt":"2022-11-29T07:09:09","slug":"polityka-prywatnosci","status":"publish","type":"page","link":"https:\/\/archiwumwolnosci.pl\/cs\/polityka-prywatnosci\/","title":{"rendered":"Z\u00e1sady ochrany osobn\u00edch \u00fadaj\u016f"},"content":{"rendered":"<h2 class=\"wp-block-heading\">Kdo jsme<\/h2>\n\n\n\n<p>Na\u0161e webov\u00e1 adresa je: https:\/\/archiwumwolnosci.pl.<\/p>\n\n\n\n<p>Archiv svobody\u00a0<strong>Zem\u011b a region P\u0159emy\u0161l 1967-1997 - Opozi\u010dn\u00ed aktivity a ob\u010dansk\u00e9 iniciativy<\/strong> je port\u00e1l, kter\u00fd byl vytvo\u0159en d\u00edky finan\u010dn\u00ed podpo\u0159e\u00a0<strong>Muzeum polsk\u00fdch d\u011bjin ve Var\u0161av\u011b\u00a0<\/strong>v r\u00e1mci v\u00fdb\u011brov\u00e9ho \u0159\u00edzen\u00ed<strong>\u00a0\"Patriotismus z\u00edt\u0159ka\".<\/strong>. Port\u00e1l pokr\u00fdv\u00e1 obdob\u00ed m\u00edstn\u00edch d\u011bjin, kter\u00e9 je m\u00e1lo zn\u00e1m\u00e9, proto\u017ee je nedostate\u010dn\u011b propagovan\u00e9, a proto t\u00e9m\u011b\u0159 zapomenut\u00e9.<\/p>\n\n\n\n<h2 class=\"wp-block-heading\">Koment\u00e1\u0159e<\/h2>\n\n\n\n<p>Kdy\u017e n\u00e1v\u0161t\u011bvn\u00edk webu zanech\u00e1 koment\u00e1\u0159, shroma\u017e\u010fujeme \u00fadaje viditeln\u00e9 ve formul\u00e1\u0159i koment\u00e1\u0159e, jako\u017e i IP adresu n\u00e1v\u0161t\u011bvn\u00edka a podpis prohl\u00ed\u017ee\u010de jako pom\u016fcku pro detekci spamu.<\/p>\n\n\n\n<p>Anonymizovan\u00fd \u0159et\u011bzec vytvo\u0159en\u00fd z va\u0161\u00ed e-mailov\u00e9 adresy (zn\u00e1m\u00fd tak\u00e9 jako hash) m\u016f\u017ee b\u00fdt odesl\u00e1n slu\u017eb\u011b Gravatar k ov\u011b\u0159en\u00ed, \u017ee je pou\u017e\u00edv\u00e1n. Z\u00e1sady ochrany osobn\u00edch \u00fadaj\u016f slu\u017eby Gravatar jsou k dispozici na adrese: https:\/\/automattic.com\/privacy\/. Jakmile je v\u00e1\u0161 koment\u00e1\u0159 schv\u00e1len, je v\u00e1\u0161 profilov\u00fd obr\u00e1zek ve\u0159ejn\u011b viditeln\u00fd v kontextu va\u0161eho koment\u00e1\u0159e.<\/p>\n\n\n\n<h2 class=\"wp-block-heading\">M\u00e9dia<\/h2>\n\n\n\n<p>Pokud jste registrovan\u00fdm u\u017eivatelem a nahr\u00e1v\u00e1te na web obr\u00e1zky, m\u011bli byste se vyhnout nahr\u00e1v\u00e1n\u00ed obr\u00e1zk\u016f s ozna\u010den\u00edm polohy EXIF. N\u00e1v\u0161t\u011bvn\u00edci str\u00e1nek si mohou st\u00e1hnout a p\u0159e\u010d\u00edst \u00fapln\u00e9 \u00fadaje o poloze ze sn\u00edmk\u016f na webu.<\/p>\n\n\n\n<h2 class=\"wp-block-heading\">Soubory cookie<\/h2>\n\n\n\n<p>Pokud na str\u00e1nk\u00e1ch nap\u00ed\u0161ete koment\u00e1\u0159, budete si moci zvolit ulo\u017een\u00ed sv\u00e9ho jm\u00e9na, e-mailov\u00e9 adresy a webov\u00e9 str\u00e1nky do soubor\u016f cookie, abyste p\u0159i psan\u00ed dal\u0161\u00edch koment\u00e1\u0159\u016f m\u011bli v\u00fd\u0161e uveden\u00e9 informace ji\u017e pohodln\u011b vypln\u011bn\u00e9. Platnost soubor\u016f cookie vypr\u0161\u00ed po jednom roce.<\/p>\n\n\n\n<p>Pokud nav\u0161t\u00edv\u00edte p\u0159ihla\u0161ovac\u00ed str\u00e1nku, vytvo\u0159\u00edme do\u010dasn\u00fd soubor cookie, abychom zkontrolovali, zda v\u00e1\u0161 prohl\u00ed\u017ee\u010d p\u0159ij\u00edm\u00e1 soubory cookie. Neobsahuje \u017e\u00e1dn\u00e9 osobn\u00ed \u00fadaje a po zav\u0159en\u00ed prohl\u00ed\u017ee\u010de se vyma\u017ee.<\/p>\n\n\n\n<p>P\u0159i p\u0159ihl\u00e1\u0161en\u00ed nav\u00edc vytvo\u0159\u00edme n\u011bkolik soubor\u016f cookie, kter\u00e9 jsou pot\u0159ebn\u00e9 k ulo\u017een\u00ed va\u0161ich p\u0159ihla\u0161ovac\u00edch \u00fadaj\u016f a vybran\u00fdch mo\u017enost\u00ed obrazovky. Platnost soubor\u016f cookie pro p\u0159ihl\u00e1\u0161en\u00ed vypr\u0161\u00ed po dvou dnech a platnost mo\u017enost\u00ed obrazovky po jednom roce. Pokud zvol\u00edte mo\u017enost \"Zapamatovat si m\u011b\", platnost va\u0161eho p\u0159ihl\u00e1\u0161en\u00ed po dvou t\u00fddnech vypr\u0161\u00ed. Pokud se ze sv\u00e9ho \u00fa\u010dtu odhl\u00e1s\u00edte, budou va\u0161e p\u0159ihla\u0161ovac\u00ed soubory cookie smaz\u00e1ny.<\/p>\n\n\n\n<p>Pokud \u010dl\u00e1nek uprav\u00edte nebo zve\u0159ejn\u00edte, ulo\u017e\u00ed se do va\u0161eho prohl\u00ed\u017ee\u010de dal\u0161\u00ed soubor cookie. Tento soubor cookie neobsahuje \u017e\u00e1dn\u00e9 osobn\u00ed \u00fadaje, pouze ukazuje na ID \u010dl\u00e1nku, kter\u00fd jste pr\u00e1v\u011b upravili. Jej\u00ed platnost vypr\u0161\u00ed po 1 dni.<\/p>\n\n\n\n<h2 class=\"wp-block-heading\">Vkl\u00e1d\u00e1n\u00ed obsahu z jin\u00fdch web\u016f<\/h2>\n\n\n\n<p>\u010cl\u00e1nky na t\u011bchto webov\u00fdch str\u00e1nk\u00e1ch mohou obsahovat vlo\u017een\u00fd obsah (nap\u0159. videa, obr\u00e1zky, \u010dl\u00e1nky atd.). Vlo\u017een\u00fd obsah z jin\u00fdch web\u016f se chov\u00e1, jako by u\u017eivatel nav\u0161t\u00edvil konkr\u00e9tn\u00ed web p\u0159\u00edmo.<\/p>\n\n\n\n<p>Str\u00e1nky mohou shroma\u017e\u010fovat informace o v\u00e1s, pou\u017e\u00edvat soubory cookie, p\u0159ipojovat dal\u0161\u00ed sledovac\u00ed syst\u00e9my t\u0159et\u00edch stran a sledovat va\u0161e interakce s vlo\u017een\u00fdm materi\u00e1lem, v\u010detn\u011b sledov\u00e1n\u00ed va\u0161ich interakc\u00ed s vlo\u017een\u00fdm materi\u00e1lem, pokud m\u00e1te \u00fa\u010det a jste na dan\u00e9 str\u00e1nce p\u0159ihl\u00e1\u0161eni.<\/p>\n\n\n\n<h2 class=\"wp-block-heading\">S k\u00fdm sd\u00edl\u00edme \u00fadaje<\/h2>\n\n\n\n<p>Pokud po\u017e\u00e1d\u00e1te o obnoven\u00ed hesla, bude v odeslan\u00e9 zpr\u00e1v\u011b uvedena va\u0161e IP adresa.<\/p>\n\n\n\n<h2 class=\"wp-block-heading\">Jak dlouho va\u0161e \u00fadaje uchov\u00e1v\u00e1me<\/h2>\n\n\n\n<p>Pokud zanech\u00e1te koment\u00e1\u0159, jeho obsah a metadata budou ulo\u017eeny na dobu neur\u010ditou. T\u00edmto zp\u016fsobem jsme schopni automaticky rozpoznat a schv\u00e1lit dal\u0161\u00ed koment\u00e1\u0159e, ani\u017e bychom je poka\u017ed\u00e9 odes\u00edlali k moderaci.<\/p>\n\n\n\n<p>U u\u017eivatel\u016f, kte\u0159\u00ed se zaregistrovali na na\u0161ich webov\u00fdch str\u00e1nk\u00e1ch (pokud existuj\u00ed), ukl\u00e1d\u00e1me tak\u00e9 osobn\u00ed \u00fadaje zadan\u00e9 v profilu. Ka\u017ed\u00fd u\u017eivatel m\u016f\u017ee kdykoli zkontrolovat, opravit nebo smazat sv\u00e9 osobn\u00ed \u00fadaje (s v\u00fdjimkou u\u017eivatelsk\u00e9ho jm\u00e9na, kter\u00e9 nelze zm\u011bnit). Tyto informace mohou zobrazovat a upravovat tak\u00e9 spr\u00e1vci str\u00e1nek.<\/p>\n\n\n\n<h2 class=\"wp-block-heading\">Jak\u00e1 m\u00e1te pr\u00e1va na sv\u00e9 \u00fadaje<\/h2>\n\n\n\n<p>Pokud m\u00e1te u\u017eivatelsk\u00fd \u00fa\u010det nebo jste na t\u011bchto str\u00e1nk\u00e1ch zve\u0159ejnili koment\u00e1\u0159e, m\u016f\u017eete si vy\u017e\u00e1dat soubor s exportovanou sadou va\u0161ich osobn\u00edch \u00fadaj\u016f, kter\u00e9 m\u00e1me k dispozici, v\u010detn\u011b v\u0161ech v\u00e1mi poskytnut\u00fdch informac\u00ed. M\u016f\u017eete tak\u00e9 po\u017e\u00e1dat o vymaz\u00e1n\u00ed v\u0161ech va\u0161ich osobn\u00edch \u00fadaj\u016f, kter\u00e9 m\u00e1me k dispozici. To se net\u00fdk\u00e1 \u00fadaj\u016f, kter\u00e9 jsme povinni uchov\u00e1vat z administrativn\u00edch, pr\u00e1vn\u00edch nebo bezpe\u010dnostn\u00edch d\u016fvod\u016f.<\/p>\n\n\n\n<h2 class=\"wp-block-heading\">Kam va\u0161e \u00fadaje pos\u00edl\u00e1me<\/h2>\n\n\n\n<p>Koment\u00e1\u0159e n\u00e1v\u0161t\u011bvn\u00edk\u016f lze kontrolovat pomoc\u00ed automatick\u00e9 slu\u017eby pro detekci spamu.<\/p>","protected":false},"excerpt":{"rendered":"<p>Kim jeste\u015bmy Adres naszej strony internetowej to: https:\/\/archiwumwolnosci.pl. Archiwum Wolno\u015bci\u00a0Ziemia Przemyska i region 1967-1997 \u2013 dzia\u0142alno\u015b\u0107 opozycyjna i inicjatywy obywatelskie to portal, kt\u00f3ry powsta\u0142 dzi\u0119ki dofinansowaniu\u00a0Muzeum Historii Polski w Warszawie\u00a0w ramach konkursu\u00a0\u201ePatriotyzm Jutra\u201d. Portal obejmuje okres lokalnej historii, kt\u00f3ry jest ma\u0142o znany, bo niewystarczaj\u0105co upowszechniony i dlatego prawie zapomniany. Comments Kiedy odwiedzaj\u0105cy witryn\u0119 zostawia komentarz, [&hellip;]<\/p>","protected":false},"author":1,"featured_media":0,"parent":0,"menu_order":0,"comment_status":"closed","ping_status":"closed","template":"","meta":{"footnotes":""},"_links":{"self":[{"href":"https:\/\/archiwumwolnosci.pl\/cs\/wp-json\/wp\/v2\/pages\/6586"}],"collection":[{"href":"https:\/\/archiwumwolnosci.pl\/cs\/wp-json\/wp\/v2\/pages"}],"about":[{"href":"https:\/\/archiwumwolnosci.pl\/cs\/wp-json\/wp\/v2\/types\/page"}],"author":[{"embeddable":true,"href":"https:\/\/archiwumwolnosci.pl\/cs\/wp-json\/wp\/v2\/users\/1"}],"replies":[{"embeddable":true,"href":"https:\/\/archiwumwolnosci.pl\/cs\/wp-json\/wp\/v2\/comments?post=6586"}],"version-history":[{"count":1,"href":"https:\/\/archiwumwolnosci.pl\/cs\/wp-json\/wp\/v2\/pages\/6586\/revisions"}],"predecessor-version":[{"id":6587,"href":"https:\/\/archiwumwolnosci.pl\/cs\/wp-json\/wp\/v2\/pages\/6586\/revisions\/6587"}],"wp:attachment":[{"href":"https:\/\/archiwumwolnosci.pl\/cs\/wp-json\/wp\/v2\/media?parent=6586"}],"curies":[{"name":"wp","href":"https:\/\/api.w.org\/{rel}","templated":true}]}}